{"id":12710,"date":"2023-10-30T21:33:50","date_gmt":"2023-10-30T21:33:50","guid":{"rendered":"https:\/\/riflessidiuntempo.it\/privacy-policy\/"},"modified":"2024-10-26T19:53:23","modified_gmt":"2024-10-26T19:53:23","slug":"privacy-policy","status":"publish","type":"page","link":"https:\/\/www.riflessidiuntempo.it\/en\/privacy-policy\/","title":{"rendered":"Privacy policy"},"content":{"rendered":"\n<h1 class=\"wp-block-heading\">Information on the processing of personal data<\/h1>\n\n<p>Cristiana Petrocchi<br\/>Di seguito nominata Cristiana Petrocchi in qualit\u00e0 di Titolare del trattamento, ti informa ai sensi della normativa nazionale applicabile e del Regolamento Privacy Europeo n. 679\/2016 (\u201cGDPR\u201d) che i tuoi dati saranno trattati come segue.<br\/>Per noi la privacy \u00e8 molto importante e desideriamo che tu ti senta sempre tutelato. Per questo ti invitiamo a leggere attentamente l\u2019informativa.<br\/>Utilizzando i nostri servizi, trasmetti o condividi con noi alcune informazioni che ci permettono in alcuni casi di erogare il servizio, in altri casi di soddisfare le tue esigenze e di migliorarci. In questo documento desideriamo spiegarti:<\/p>\n\n<p>1. What data we use;<br\/>2. On what legal basis and for what reasons we collect your data;<br\/>3. How your data are used;<br\/>4. Which data are mandatory and which are optional;<br\/>5. How long your data are kept;<br\/>6. Who can have access to your data;<br\/>7. To whom your data may be disclosed;<br\/>8. Where your data can be transferred to;<br\/>9. What are your rights;<br\/>10. Who is the Data Controller of your data and who is the Data Protection Officer<br\/>11. How we protect your data<br\/>12. Amendments to this policy<br\/>13 .Legislative references and useful links<\/p>\n\n<p><strong>1.<\/strong>\u00a0<strong>Quali dati utilizziamo?<\/strong><br\/>In Cristiana Petrocchi utilizziamo diversi tuoi dati personali (in seguito \u201cdati personali\u201d o anche \u201cdati\u201d), ossia:<br\/>\u25cf i dati da te forniti, identificativi e non sensibili come ad esempio: nome, cognome, indirizzo, email, numero telefonico, questi sono i dati che ci hai fornito quando hai richiesto a noi informazioni commerciali oppure quando hai usufruito di uno dei nostri servizi nei nostri centri.<br\/>\u25cf i dati legati alle tue preferenze ed interessi, in particolare:, l\u2019uso dei servizi, i tempi di connessione, i dati di traffico, i dati di navigazione su siti e profili social di Cristiana Petrocchi o di partner commerciali o di terzi soggetti, l\u2019indirizzo IP o i nomi a dominio dei computer utilizzati dagli utenti che si connettono al sito, i device e le connettivit\u00e0 utilizzate.<br\/>\u25cf Questi dati possono essere raccolti anche per mezzo di cookies e metadati.<br\/>\u25cf I dati che identificano la tua posizione durante l\u2019utilizzo, raccolti mediante l\u2019IP Address e il Country Code.<\/p>\n\n<p><strong>2. Perch\u00e9 e su quale base giuridica raccogliamo i tuoi dati?<\/strong><br\/>I dati da te forniti ci permettono, da un lato, di svolgere tutte le attivit\u00e0 amministrative relative alla registrazione e utilizzo dei siti web di Cristiana Petrocchi, e ci aiutano a comprendere le tue abitudini, i tuoi interessi e le tue preferenze per darti cos\u00ec servizi sempre pi\u00f9 pensati per te, personalizzati e farli evolvere in linea con le tue esigenze.<br\/>Nello specifico i tuoi dati personali sono trattati per le seguenti finalit\u00e0:<br\/>a) senza il tuo consenso preventivo per le finalit\u00e0 di servizio e in particolare per:<br\/>\u25cf l\u2019esecuzione del contratto o l\u2019adempimento di impegni precontrattuali:<br\/>\u25cf permetterti la registrazione al sito Cristiana Petrocchi l\u2019accesso e l\u2019utilizzo dei servizi di gestione e prenotazione online<br\/>\u25cf fornirti tutti i servizi che rientrano nell\u2019offerta commerciale Cristiana Petrocchi, come la prenotazione Online o la fruizione della nostra agenda elettronica<br\/>\u25cf l\u2019accesso e l\u2019utilizzo dei servizi \u201ccommunity\u201d dei siti web.<br\/>Inoltre, possiamo cos\u00ec suggerirti i servizi che ti possono interessare sulla base di quelli gi\u00e0 da te utilizzati. A questo proposito, in occasione di alcuni servizi ti saranno fornite ulteriori e specifiche informazioni sul trattamento dei tuoi dati personali, in aggiunta a questa informativa privacy;<br\/>\u25cf gestire e mantenere i siti web e il tuo account al loro interno;<br\/>\u25cf migliorare l\u2019attivit\u00e0 di customer care, i nostri servizi, i contenuti e i servizi attraverso analisi statistiche aggregate su base anonima, come ad esempio l\u2019analisi delle tue eventuali conversazioni con i nostri operatori dei call center<br\/>\u25cf fornire, amministrare e gestire tutti i servizi da te richiesti, provvedendo ove necessario all\u2019invio di comunicazioni di servizio ed assistenza;<br\/>\u25cf effettuare analisi statistiche su base anonima.<br\/>\u25cf il perseguimento di un legittimo interesse del Titolare:<br\/>\u25cf gestire i reclami ed i contenziosi, recuperare i crediti, prevenire frodi e attivit\u00e0 illecite;<br\/>\u25cf esercitare i diritti e tutelare gli interessi legittimi del Titolare, ossia di Cristiana Petrocchi o di terzi<\/p>\n\n<p>Titolari ad esempio il diritto di difesa in giudizio;<br\/>\u25cf inviarti comunicazioni commerciali all\u2019indirizzo email da te fornito, se sei gi\u00e0 nostro cliente, relative a servizi di Cristiana Petrocchi simili a quelli di cui hai gi\u00e0 fruito. Ogni email inviata ti permetter\u00e0, cliccando sull\u2019apposito link, di rifiutare ulteriori invii.<br\/>\u25cf inviarti comunicazioni commerciali al numero di telefono da te fornito, se sei gi\u00e0 nostro cliente, relative a servizi di Cristiana Petrocchi simili a quelli di cui hai gi\u00e0 fruito. Ogni comunicazione inviata ti permetter\u00e0, rispondendo a essa, di rifiutare ulteriori invii.<br\/>\u25cf finalit\u00e0 di marketing:<br\/>a) per informarti con chiamate telefoniche, email, , SMS, MMS, notifiche e newsletter delle iniziative e<br\/>offerte di Cristiana Petrocchi e dei suoi partner commerciali;<br\/>b) per proporti questionari sulla soddisfazione dei nostri servizi erogati<br\/>\u25cf l\u2019adempimento di obblighi di legge:<br\/>a) rispettare e adempiere gli obblighi previsti da leggi, regolamenti, normative comunitarie, ordini e prescrizioni delle autorit\u00e0 competenti.<br\/>b) solo dopo che hai espresso il tuo consenso, per altre finalit\u00e0 non di servizio, e precisamente per:<br\/>\u25cf finalit\u00e0 di profilazione, ossia per analizzare, anche in via automatizzata, le tue preferenze e i tuoi interessi (ad esempio la fruizione di servizi, incluso quelli<br\/>acquistati, i prodotti acquistati) e proporti servizi, contenuti, iniziative e offerte personalizzate per te.<\/p>\n\n<p><strong>3. How is your data used?<\/strong><br\/>Your personal data is used for operations of collection, , organization, recording, storage, consultation, analysis, matching, processing, modification, selection, extraction, database comparison, use, interconnection, cross-referencing, blocking, communication, deletion and<br\/>destruction of data. Your personal data are subject to paper, electronic and automated processing and stored on databases.<\/p>\n\n<p><strong>4. Quali dati sono obbligatori e quali facoltativi?<\/strong><br\/>Gli utenti sono liberi di fornire i loro dati personali per gli scopi evidenziati in questo<br\/>documento. Il fatto di non fornire i Vostri dati personali per questi scopi pu\u00f2 significare che non sar\u00e0 possibile gestire la Vostra registrazione come utente oppure utilizzare determinate<br\/>funzionalit\u00e0 oppure servizi disponibili attraverso la nostra piattaforma Con la presente, l\u2019utente (Voi) garantisce che i Dati Personali forniti sono veritieri e corretti ed accetta di segnalare qualsiasi cambiamento oppure modifica. Se ci fornite i Dati Personali di terzi, sarete responsabili del fatto di averli informati ed aver ottenuto il loro consenso per questi dettagli da fornire per gli scopi segnalati nelle sezioni corrispondenti della presente Policy sulla Privacy.<br\/>Qualsiasi perdita o danno causato alla Piattaforma, ai Responsabili del Trattamento oppure a qualsiasi terza parte mediante la<br\/>comunicazione di informazioni erronee, imprecise oppure incomplete sui moduli di registrazione e contatto sar\u00e0 di esclusiva responsabilit\u00e0 dell\u2019utente.<br\/>Fra le informazioni che raccogliamo alcune sono indispensabili per fornirti i nostri servizi altre ci aiutano a offrirti un servizio sempre migliore giorno dopo giorno.<br\/><br\/>In particolare:<br\/>\u25cf il conferimento dei tuoi dati personali, trattati per le finalit\u00e0 di servizio \u00e8 necessario per usufruire dei servizi richiesti attraverso i siti web di Cristiana Petrocchi;<br\/>\u25cf il conferimento dei tuoi dati personali, trattati per altre finalit\u00e0, \u00e8 facoltativo. Il loro mancato conferimento non ti impedisce la fruizione dei servizi di Cristiana Petrocchi, ma non potrai ricevere le nostre comunicazioni commerciali ed offerte personalizzate.<br\/><br\/>Qualora abbiate acquistato una Card regalo, se ci fornite i dati personali di terze parti, Voi sarete responsabili del fatto di averli informati ed aver ottenuto il loro consenso noi saremo in grado di elaborare i loro dati al fine di<br\/>A. gestire l\u2019erogazione del servizio<br\/>B. soddisfare qualsiasi richiesta che Voi oppure detta terza parte pu\u00f2 effettuare.<\/p>\n\n<p>Qualora vogliate omaggiare una persona di un servizio Cristiana Petrocchi, se ci fornite i dati personali di terze parti, Voi sarete responsabili del fatto di averli informati ed aver ottenuto il loro consenso noi saremo in grado di elaborare i loro dati al fine di:<br\/>A. gestire l\u2019erogazione del servizio<br\/>B. soddisfare qualsiasi richiesta che Voi oppure detta terza parte pu\u00f2 effettuare.<br\/><br\/>Qualora vogliate consigliare una persona in merito a un servizio Cristiana Petrocchi, se ci fornite i dati personali di terze parti, Voi sarete responsabili del fatto di averli informati ed aver ottenuto il loro consenso noi saremo in grado di elaborare i loro dati al fine di:<br\/>A. gestire l\u2019erogazione del servizio<br\/>B. Soddisfare qualsiasi richiesta che Voi oppure detta terza parte pu\u00f2 effettuare<br\/><br\/>Se ci invierai il tuo CV per essere considerato per una candidatura ad una posizione aperta, utilizzeremo le informazioni contenute nel tuo CV esclusivamente a tale scopo. Il tuo CV sar\u00e0<br\/>conservato per un periodo massimo di 36 mesi, dopodich\u00e9 sar\u00e0 cancellato: se vorrai, potrai naturalmente inviarci una nuova versione aggiornata.<\/p>\n\n<p><strong>5.<\/strong>\u00a0<strong>Per quanto tempo sono conservati i tuoi dati?<\/strong><br\/>Il trattamento potr\u00e0 avvenire sia mediante sistemi informatici e processi automatizzati, sia in modalit\u00e0 manuale.<br\/>Cristiana Petrocchi conserva e utilizza i tuoi dati personali per non oltre 10 anni dalla fine del rapporto per le finalit\u00e0 di servizio e comunque per il tempo di prescrizione previsto dalla legge, per non oltre 36 mesi dalla fine del rapporto per le finalit\u00e0 di marketing; per il tempo del tuo consenso e comunque per non oltre 36 mesi dalla raccolta, per le finalit\u00e0 di profilazione. In seguito, i tuoi dati sono resi anonimi e trattati per analisi statistiche aggregate e anonime.<br\/>Qualora tu decida di chiudere il tuo account, Cristiana Petrocchiconserver\u00e0 i tuoi dati personali solo per finalit\u00e0 di carattere amministrativo, salve eventuali ulteriori esigenze per cui il loro ulteriore mantenimento sia concesso e\/o richiesto da<br\/>specifiche disposizioni di legge.<\/p>\n\n<p><strong>6. Chi pu\u00f2 avere accesso ai tuoi dati?<\/strong><br\/>Teniamo molto alla tua privacy e facciamo di tutto per tutelarti. Per questo condividiamo i tuoi dati solo quando strettamente necessario e solo con chi ci aiuta a offrirti ogni giorno un servizio migliore. I tuoi dati sono infatti accessibili a:<br\/>\u25cf dipendenti e\/o collaboratori di Cristiana Petrocchi o delle societ\u00e0 collegate al gruppo Cristiana Petrocchi, che contribuiscono a creare, erogare e migliorare tutti i servizi di Cristiana Petrocchi nella loro qualit\u00e0 di incaricati e\/ o responsabili interni del trattamento e\/o amministratori di sistema;<br\/>\u25cf societ\u00e0 del gruppo Cristiana Petrocchi e fornitori di servizi che svolgono attivit\u00e0 in outsourcing per conto di Cristiana Petrocchi \u2013 nella loro qualit\u00e0 di responsabili esterni del trattamento \u2013 svolgendo attivit\u00e0 connesse, strumentali o di supporto a quelle di Biolase, ad esempio: gestione e manutenzione dei contenuti dei siti web, assistenza clienti, servizi di customer care e call center, gestione dei sistemi di Information Technology, servizi editoriali, recupero credito, servizi di elaborazione dati per la fatturazione, archiviazione della documentazione relativa ai rapporti con i clienti, etc<\/p>\n\n<p><strong>7. Chi tratter\u00e0 i tuoi dati<\/strong><br\/>Le operazioni di trattamento riguardanti i tuoi dati saranno svolte da:<br\/>A. Cristiana Petrocchi in qualit\u00e0 di titolare del trattamento, oltre che dai suoi dipendenti, collaboratori e fornitori, in veste di responsabili e\/o di incaricati del trattamento,<br\/>appositamente nominati;<br\/>B. da tutte le societ\u00e0 del gruppo Cristiana Petrocchi, quali autonomi titolari del trattamento e dai loro dipendenti e collaboratori, in veste di rispettivi incaricati, ai termini e alle condizioni previste dai precedenti artt. 3, 4 e 6;<br\/>C. i Centri sul territorio, in qualit\u00e0 di responsabili del trattamento ed i relativi dipendenti e collaboratori, designati quali incaricati del trattamento;<br\/>D. eventuali ulteriori terzi fornitori di servizi debitamente nominati quali responsabili del trattamento, ove necessario, l\u2019elenco dei quali sar\u00e0 costantemente aggiornato e a tua disposizione contattando il Titolare.<\/p>\n\n<p><strong>8. Dove possono essere trasferiti i tuoi dati?<\/strong><br\/>I tuoi dati potranno essere trasferiti al di fuori dell\u2019Unione Europea ai soggetti specificati nel paragrafo 6 e 7<br\/>Per proteggere i tuoi dati nell\u2019ambito di questi trasferimenti, Cristiana Petrocchi adotta garanzie appropriate tra cui le decisioni di adeguatezza e le clausole contrattuali standard approvate dalla Commissione Europea.<\/p>\n\n<p><strong>9. Quali sono i tuoi diritti?<\/strong><br\/>Fino ad ora abbiamo parlato di come trattiamo i tuoi dati e di come ci comportiamo noi; ora ti illustriamo quali sono i tuoi diritti, per avere, cos\u00ec, sempre il controllo della tua privacy e delle tue informazioni.<br\/><br\/>Se non ricorrono le limitazioni previste dalla legge, hai infatti il diritto di:<br\/>Potrai esercitare in ogni momento i diritti che ti spettano, tra cui in particolare:<br\/>A. chiedere al Titolare l\u2019accesso ai tuoi dati e\/o la loro rettifica o cancellazione e, nei casi consentiti, la portabilit\u00e0 degli stessi;<br\/>B. ottenere la limitazione dei trattamenti che ti riguardano o opporti agli stessi;<br\/>C. revocare il tuo consenso al marketing, alla profilazione o alla comunicazione dei tuoi dati in qualsiasi momento, senza che ci\u00f2 pregiudichi in alcun modo la possibilit\u00e0 di effettuare prenotazioni sul Sito o di fruire dei contenuti generici erogati sui Canali<br\/>online;<br\/>D. proporre reclami all\u2019Autorit\u00e0 Garante per la protezione dei dati personali.<br\/>Ti ricordiamo che il tuo diritto di opposizione al trattamento per finalit\u00e0 di marketing attraverso modalit\u00e0 automatizzate di contatto (es. email, SMS, telefonate preregistrate) si estende anche a quelle tradizionali. Resta salva, tuttavia, la possibilit\u00e0 di esercitare tale diritto in parte, cos\u00ec come previsto dalla legge.<br\/>Puoi richiedere in qualsiasi momento un elenco aggiornato di tutti i responsabili del trattamento designati, contattando il Titolare agli indirizzi indicati qui sotto.<br\/><br\/>Puoi in qualsiasi momento modificare e revocare i consensi prestati ed esercitare i tuoi diritti in diversi modi:<br\/>inviando una mail a <a href=\"mailto:cristiana.petrocchi@libero.it\">cristiana.petrocchi@libero.it<\/a><br\/>oppure mediante comunicazione scritta presso la nostra sede legale:<\/p>\n\n<p>Cristiana Petrocchi<\/p>\n\n<p>21 Perelli <\/p>\n\n<p>57025 Piombino (LI)<\/p>\n\n<p><strong>10. Chi \u00e8 il Titolare del trattamento dei tuoi dati? Chi \u00e8 il Data Protection Officer?<\/strong><br\/>Ricordati, per qualsiasi esigenza, che il Titolare del trattamento dei tuoi dati personali \u00e8 Cristiana Petrocchi.<br\/>Puoi contattarlo all\u2019indirizzo <a href=\"mailto:cristiana.petrocchi@libero.it\">cristiana.petrocchi@libero.it<\/a>. L\u2019elenco aggiornato dei nostri responsabili del trattamento \u00e8 disponibile presso gli uffici di Cristiana Petrocchi<br\/><br\/>Questo testo potr\u00e0 subire modifiche. Per ogni aggiornamento, ti invitiamo a consultare i nostri siti web e gli altri canali messi a disposizione da Cristiana Petrocchi<br\/><br\/><strong>11 Sicurezza dei dati personali<\/strong><br\/>I dati personali dell\u2019utente sono trattati da Cristiana Petrocchi nel rispetto delle disposizioni vigenti in tema di sicurezza al fine di evitare la perdita di dati, l\u2019uso illegittimo o illecito dei dati e l\u2019accesso non autorizzato ai dati. Inoltre, i sistemi informativi e i programmi informatici sono<br\/>configurati in modo da ridurre al minimo l\u2019uso di dati personali e identificativi che sono usati solo quando necessari alle specifiche finalit\u00e0 di trattamento di volta in volta perseguite. I dati personali sono registrati e conservati su server sicuri l\u2019accesso ai quali \u00e8 controllato e consentito solo al personale debitamente autorizzato; inoltre per la trasmissione di alcuni dati attraverso Internet sono impiegate specifiche tecnologie di criptazione.<br\/><br\/><strong>12 . Modifiche alla presente informativa<\/strong><br\/>La costante evoluzione dei nostri servizi pu\u00f2 comportare modifiche nelle caratteristiche del trattamento dei tuoi dati personali fin qui descritto. Di conseguenza questa informativa privacy potr\u00e0 subire modifiche e integrazioni nel corso del tempo, le quali potrebbero anche essere necessarie in riferimento a nuovi interventi normativi in materia di protezione dei dati personali.<br\/>Ti invitiamo, pertanto, a verificarne periodicamente i contenuti: laddove possibile, cercheremo di informarti tempestivamente sulle modifiche apportate e sulle loro conseguenze La versione aggiornata dell\u2019informativa privacy, in ogni caso, sar\u00e0 pubblicata in questa pagina, con indicazione della data del suo ultimo aggiornamento.<\/p>\n\n<p><strong>13. Riferimenti legislativi e link utili<\/strong><br\/>Il trattamento dei tuoi dati personali viene svolto da Cristiana Petrocchi nel pieno rispetto della disciplina in materia prevista dal Regolamento (UE) 2016\/679 regolamento generale sulla protezione dei dati, delle norme in materia di trattamento dei dati personali italiane e dei provvedimenti della Autorit\u00e0 di controllo italiana (http:\/\/ www.garanteprivacy.it).<\/p>\n","protected":false},"excerpt":{"rendered":"<p>Information on the processing of personal data Cristiana PetrocchiDi seguito nominata Cristiana Petrocchi in qualit\u00e0 di Titolare del trattamento, ti informa ai sensi della normativa nazionale applicabile e del Regolamento Privacy Europeo n. 679\/2016 (\u201cGDPR\u201d) che i tuoi dati saranno trattati come segue.Per noi la privacy \u00e8 molto importante e desideriamo che tu ti senta&#8230;<\/p>\n","protected":false},"author":1,"featured_media":0,"parent":0,"menu_order":0,"comment_status":"closed","ping_status":"closed","template":"","meta":{"footnotes":""},"class_list":{"0":"post-12710","1":"page","2":"type-page","3":"status-publish","4":"hentry","5":"nt-post-class","6":"","7":"thumb-none","9":"excerpt-none"},"jetpack_sharing_enabled":true,"_links":{"self":[{"href":"https:\/\/www.riflessidiuntempo.it\/en\/wp-json\/wp\/v2\/pages\/12710","targetHints":{"allow":["GET"]}}],"collection":[{"href":"https:\/\/www.riflessidiuntempo.it\/en\/wp-json\/wp\/v2\/pages"}],"about":[{"href":"https:\/\/www.riflessidiuntempo.it\/en\/wp-json\/wp\/v2\/types\/page"}],"author":[{"embeddable":true,"href":"https:\/\/www.riflessidiuntempo.it\/en\/wp-json\/wp\/v2\/users\/1"}],"replies":[{"embeddable":true,"href":"https:\/\/www.riflessidiuntempo.it\/en\/wp-json\/wp\/v2\/comments?post=12710"}],"version-history":[{"count":3,"href":"https:\/\/www.riflessidiuntempo.it\/en\/wp-json\/wp\/v2\/pages\/12710\/revisions"}],"predecessor-version":[{"id":17590,"href":"https:\/\/www.riflessidiuntempo.it\/en\/wp-json\/wp\/v2\/pages\/12710\/revisions\/17590"}],"wp:attachment":[{"href":"https:\/\/www.riflessidiuntempo.it\/en\/wp-json\/wp\/v2\/media?parent=12710"}],"curies":[{"name":"wp","href":"https:\/\/api.w.org\/{rel}","templated":true}]}}